{"id":1466,"date":"2024-04-29T16:20:26","date_gmt":"2024-04-29T14:20:26","guid":{"rendered":"https:\/\/orthodiag.com\/blog\/"},"modified":"2024-07-09T19:30:21","modified_gmt":"2024-07-09T17:30:21","slug":"blog","status":"publish","type":"page","link":"https:\/\/orthodiag.com\/it\/blog\/","title":{"rendered":"Blog"},"content":{"rendered":"\t\t<div data-elementor-type=\"wp-page\" data-elementor-id=\"1466\" class=\"elementor elementor-1466 elementor-748\">\n\t\t\t\t<div class=\"elementor-element elementor-element-86deef2 e-flex e-con-boxed wpr-particle-no wpr-jarallax-no wpr-parallax-no wpr-sticky-section-no e-con e-parent\" data-id=\"86deef2\" data-element_type=\"container\">\n\t\t\t\t\t<div class=\"e-con-inner\">\n\t\t\t\t<div class=\"elementor-element elementor-element-ce5d614 elementor-widget elementor-widget-heading\" data-id=\"ce5d614\" data-element_type=\"widget\" data-widget_type=\"heading.default\">\n\t\t\t\t<div class=\"elementor-widget-container\">\n\t\t\t<style>\/*! elementor - v3.22.0 - 26-06-2024 *\/\n.elementor-heading-title{padding:0;margin:0;line-height:1}.elementor-widget-heading .elementor-heading-title[class*=elementor-size-]>a{color:inherit;font-size:inherit;line-height:inherit}.elementor-widget-heading .elementor-heading-title.elementor-size-small{font-size:15px}.elementor-widget-heading .elementor-heading-title.elementor-size-medium{font-size:19px}.elementor-widget-heading .elementor-heading-title.elementor-size-large{font-size:29px}.elementor-widget-heading .elementor-heading-title.elementor-size-xl{font-size:39px}.elementor-widget-heading .elementor-heading-title.elementor-size-xxl{font-size:59px}<\/style><h1 class=\"elementor-heading-title elementor-size-default\">Blog<\/h1>\t\t<\/div>\n\t\t\t\t<\/div>\n\t\t\t\t\t<\/div>\n\t\t\t\t<\/div>\n\t\t<div class=\"elementor-element elementor-element-66bf7af e-flex e-con-boxed wpr-particle-no wpr-jarallax-no wpr-parallax-no wpr-sticky-section-no e-con e-parent\" data-id=\"66bf7af\" data-element_type=\"container\">\n\t\t\t\t\t<div class=\"e-con-inner\">\n\t\t\t\t<div class=\"elementor-element elementor-element-cbe95a8 elementor-widget elementor-widget-wpr-magazine-grid\" data-id=\"cbe95a8\" data-element_type=\"widget\" data-widget_type=\"wpr-magazine-grid.default\">\n\t\t\t\t<div class=\"elementor-widget-container\">\n\t\t\t<div class=\"wpr-magazine-grid-wrap\"  data-slide-effect=\"\"><section class=\"wpr-magazine-grid wpr-mgzn-grid-3-h wpr-mgzn-grid-rows-2\"><article class=\"wpr-mgzn-grid-item elementor-clearfix post-1611 post type-post status-publish format-standard has-post-thumbnail hentry category-orthodiag-it\"><div class=\"wpr-grid-item-inner\"><div class=\"wpr-grid-media-wrap\" data-overlay-link=\"yes\"><div class=\"wpr-grid-image-wrap\" data-src=\"https:\/\/orthodiag.com\/wp-content\/uploads\/2024\/07\/les-avantages-applications-mobile-OrthoDiag.jpg\" style=\"background-image: url(https:\/\/orthodiag.com\/wp-content\/uploads\/2024\/07\/les-avantages-applications-mobile-OrthoDiag.jpg)\"><\/div><div class=\"wpr-grid-media-hover wpr-animation-wrap\"><div class=\"wpr-grid-media-hover-bg  wpr-overlay-fade-out wpr-anim-size-medium wpr-anim-timing-ease-default wpr-anim-transparency\" data-url=\"https:\/\/orthodiag.com\/it\/2024\/07\/31\/i-vantaggi-di-unapplicazione-ortodontica-con-autodiagnosi-velocita-precisione-e-comfort\/\"><\/div><div class=\"wpr-grid-media-hover-bottom elementor-clearfix\"><div class=\"wpr-grid-item-category elementor-repeater-item-feeb06d wpr-grid-item-display-block wpr-grid-item-align-left wpr-pointer-none wpr-pointer-line-fx wpr-pointer-fx-fade wpr-grid-tax-style-1\"><div class=\"inner-block\"><a class=\" wpr-tax-id-40\" href=\"https:\/\/orthodiag.com\/it\/category\/orthodiag-it\/\">Orthodiag<\/a><\/div><\/div><h2 class=\"wpr-grid-item-title elementor-repeater-item-4d3b06f wpr-grid-item-display-block wpr-grid-item-align-left wpr-pointer-none wpr-pointer-line-fx wpr-pointer-fx-fade\"><div class=\"inner-block\"><a  target=\"_self\"  href=\"https:\/\/orthodiag.com\/it\/2024\/07\/31\/i-vantaggi-di-unapplicazione-ortodontica-con-autodiagnosi-velocita-precisione-e-comfort\/\">I vantaggi di un&#8217;applicazione ortodontica con autodiagnosi: velocit\u00e0, precisione e comfort<\/a><\/div><\/h2><div class=\"wpr-grid-item-date elementor-repeater-item-308d396 wpr-grid-item-display-inline wpr-grid-item-align-left\"><div class=\"inner-block\"><span>31 Luglio 2024<\/span><\/div><\/div><\/div><\/div><\/div><\/div><\/article><article class=\"wpr-mgzn-grid-item elementor-clearfix post-1544 post type-post status-publish format-standard hentry category-orthodiag\"><div class=\"wpr-grid-item-inner\"><div class=\"wpr-grid-media-wrap\" data-overlay-link=\"yes\"><div class=\"wpr-grid-media-hover wpr-animation-wrap\"><div class=\"wpr-grid-media-hover-bg  wpr-overlay-fade-out wpr-anim-size-medium wpr-anim-timing-ease-default wpr-anim-transparency\" data-url=\"https:\/\/orthodiag.com\/it\/2024\/07\/24\/il-trattamento-ortodontico-con-orthodiag-tipologie-costi-e-rimborsi\/\"><\/div><div class=\"wpr-grid-media-hover-bottom elementor-clearfix\"><div class=\"wpr-grid-item-category elementor-repeater-item-feeb06d wpr-grid-item-display-block wpr-grid-item-align-left wpr-pointer-none wpr-pointer-line-fx wpr-pointer-fx-fade wpr-grid-tax-style-1\"><div class=\"inner-block\"><a class=\" wpr-tax-id-9\" href=\"https:\/\/orthodiag.com\/category\/orthodiag\/\">Orthodiag<\/a><\/div><\/div><h2 class=\"wpr-grid-item-title elementor-repeater-item-4d3b06f wpr-grid-item-display-block wpr-grid-item-align-left wpr-pointer-none wpr-pointer-line-fx wpr-pointer-fx-fade\"><div class=\"inner-block\"><a  target=\"_self\"  href=\"https:\/\/orthodiag.com\/it\/2024\/07\/24\/il-trattamento-ortodontico-con-orthodiag-tipologie-costi-e-rimborsi\/\">Il trattamento ortodontico con Orthodiag: tipologie, costi e rimborsi<\/a><\/div><\/h2><div class=\"wpr-grid-item-date elementor-repeater-item-308d396 wpr-grid-item-display-inline wpr-grid-item-align-left\"><div class=\"inner-block\"><span>24 Luglio 2024<\/span><\/div><\/div><\/div><\/div><\/div><\/div><\/article><article class=\"wpr-mgzn-grid-item elementor-clearfix post-1432 post type-post status-publish format-standard has-post-thumbnail hentry category-orthodiag-it\"><div class=\"wpr-grid-item-inner\"><div class=\"wpr-grid-media-wrap\" data-overlay-link=\"yes\"><div class=\"wpr-grid-image-wrap\" data-src=\"https:\/\/orthodiag.com\/wp-content\/uploads\/2024\/07\/orthodiag-application-mobile-orthodontie.jpeg\" style=\"background-image: url(https:\/\/orthodiag.com\/wp-content\/uploads\/2024\/07\/orthodiag-application-mobile-orthodontie.jpeg)\"><\/div><div class=\"wpr-grid-media-hover wpr-animation-wrap\"><div class=\"wpr-grid-media-hover-bg  wpr-overlay-fade-out wpr-anim-size-medium wpr-anim-timing-ease-default wpr-anim-transparency\" data-url=\"https:\/\/orthodiag.com\/it\/2024\/07\/05\/scopri-orthodiag-lapplicazione-mobile-ortodontica-sicurezza-e-funzionalita-per-un-migliore-monitoraggio\/\"><\/div><div class=\"wpr-grid-media-hover-bottom elementor-clearfix\"><div class=\"wpr-grid-item-category elementor-repeater-item-feeb06d wpr-grid-item-display-block wpr-grid-item-align-left wpr-pointer-none wpr-pointer-line-fx wpr-pointer-fx-fade wpr-grid-tax-style-1\"><div class=\"inner-block\"><a class=\" wpr-tax-id-40\" href=\"https:\/\/orthodiag.com\/it\/category\/orthodiag-it\/\">Orthodiag<\/a><\/div><\/div><h2 class=\"wpr-grid-item-title elementor-repeater-item-4d3b06f wpr-grid-item-display-block wpr-grid-item-align-left wpr-pointer-none wpr-pointer-line-fx wpr-pointer-fx-fade\"><div class=\"inner-block\"><a  target=\"_self\"  href=\"https:\/\/orthodiag.com\/it\/2024\/07\/05\/scopri-orthodiag-lapplicazione-mobile-ortodontica-sicurezza-e-funzionalita-per-un-migliore-monitoraggio\/\">Scopri Orthodiag, l&#8217;applicazione mobile ortodontica: sicurezza e funzionalit\u00e0 per un migliore monitoraggio<\/a><\/div><\/h2><div class=\"wpr-grid-item-date elementor-repeater-item-308d396 wpr-grid-item-display-inline wpr-grid-item-align-left\"><div class=\"inner-block\"><span>5 Luglio 2024<\/span><\/div><\/div><\/div><\/div><\/div><\/div><\/article><article class=\"wpr-mgzn-grid-item elementor-clearfix post-1424 post type-post status-publish format-standard has-post-thumbnail hentry category-orthodiag-it\"><div class=\"wpr-grid-item-inner\"><div class=\"wpr-grid-media-wrap\" data-overlay-link=\"yes\"><div class=\"wpr-grid-image-wrap\" data-src=\"https:\/\/orthodiag.com\/wp-content\/uploads\/2024\/05\/techniques-avantages-orthodontie-adulte.jpeg\" style=\"background-image: url(https:\/\/orthodiag.com\/wp-content\/uploads\/2024\/05\/techniques-avantages-orthodontie-adulte.jpeg)\"><\/div><div class=\"wpr-grid-media-hover wpr-animation-wrap\"><div class=\"wpr-grid-media-hover-bg  wpr-overlay-fade-out wpr-anim-size-medium wpr-anim-timing-ease-default wpr-anim-transparency\" data-url=\"https:\/\/orthodiag.com\/it\/2024\/06\/18\/ortodonzia-delladulto-le-tecniche-ed-i-vantaggi-dellortodonzia-con-orthodiag\/\"><\/div><div class=\"wpr-grid-media-hover-bottom elementor-clearfix\"><div class=\"wpr-grid-item-category elementor-repeater-item-feeb06d wpr-grid-item-display-block wpr-grid-item-align-left wpr-pointer-none wpr-pointer-line-fx wpr-pointer-fx-fade wpr-grid-tax-style-1\"><div class=\"inner-block\"><a class=\" wpr-tax-id-40\" href=\"https:\/\/orthodiag.com\/it\/category\/orthodiag-it\/\">Orthodiag<\/a><\/div><\/div><h2 class=\"wpr-grid-item-title elementor-repeater-item-4d3b06f wpr-grid-item-display-block wpr-grid-item-align-left wpr-pointer-none wpr-pointer-line-fx wpr-pointer-fx-fade\"><div class=\"inner-block\"><a  target=\"_self\"  href=\"https:\/\/orthodiag.com\/it\/2024\/06\/18\/ortodonzia-delladulto-le-tecniche-ed-i-vantaggi-dellortodonzia-con-orthodiag\/\">Ortodonzia dell&#8217;adulto: Le tecniche ed i vantaggi dell&#8217;ortodonzia con Orthodiag<\/a><\/div><\/h2><div class=\"wpr-grid-item-date elementor-repeater-item-308d396 wpr-grid-item-display-inline wpr-grid-item-align-left\"><div class=\"inner-block\"><span>18 Giugno 2024<\/span><\/div><\/div><\/div><\/div><\/div><\/div><\/article><article class=\"wpr-mgzn-grid-item elementor-clearfix post-1414 post type-post status-publish format-standard has-post-thumbnail hentry category-orthodiag-it\"><div class=\"wpr-grid-item-inner\"><div class=\"wpr-grid-media-wrap\" data-overlay-link=\"yes\"><div class=\"wpr-grid-image-wrap\" data-src=\"https:\/\/orthodiag.com\/wp-content\/uploads\/2024\/05\/Orthodiag-orthodontie-enfants.jpeg\" style=\"background-image: url(https:\/\/orthodiag.com\/wp-content\/uploads\/2024\/05\/Orthodiag-orthodontie-enfants.jpeg)\"><\/div><div class=\"wpr-grid-media-hover wpr-animation-wrap\"><div class=\"wpr-grid-media-hover-bg  wpr-overlay-fade-out wpr-anim-size-medium wpr-anim-timing-ease-default wpr-anim-transparency\" data-url=\"https:\/\/orthodiag.com\/it\/2024\/06\/07\/scopri-tutto-sullortodonzia-per-bambini-e-adolescenti-trattamenti-e-consigli\/\"><\/div><div class=\"wpr-grid-media-hover-bottom elementor-clearfix\"><div class=\"wpr-grid-item-category elementor-repeater-item-feeb06d wpr-grid-item-display-block wpr-grid-item-align-left wpr-pointer-none wpr-pointer-line-fx wpr-pointer-fx-fade wpr-grid-tax-style-1\"><div class=\"inner-block\"><a class=\" wpr-tax-id-40\" href=\"https:\/\/orthodiag.com\/it\/category\/orthodiag-it\/\">Orthodiag<\/a><\/div><\/div><h2 class=\"wpr-grid-item-title elementor-repeater-item-4d3b06f wpr-grid-item-display-block wpr-grid-item-align-left wpr-pointer-none wpr-pointer-line-fx wpr-pointer-fx-fade\"><div class=\"inner-block\"><a  target=\"_self\"  href=\"https:\/\/orthodiag.com\/it\/2024\/06\/07\/scopri-tutto-sullortodonzia-per-bambini-e-adolescenti-trattamenti-e-consigli\/\">Scopri tutto sull&#8217;ortodonzia per bambini e adolescenti: trattamenti e consigli<\/a><\/div><\/h2><div class=\"wpr-grid-item-date elementor-repeater-item-308d396 wpr-grid-item-display-inline wpr-grid-item-align-left\"><div class=\"inner-block\"><span>7 Giugno 2024<\/span><\/div><\/div><\/div><\/div><\/div><\/div><\/article><article class=\"wpr-mgzn-grid-item elementor-clearfix post-1408 post type-post status-publish format-standard has-post-thumbnail hentry category-orthodiag-it\"><div class=\"wpr-grid-item-inner\"><div class=\"wpr-grid-media-wrap\" data-overlay-link=\"yes\"><div class=\"wpr-grid-image-wrap\" data-src=\"https:\/\/orthodiag.com\/wp-content\/uploads\/2024\/01\/Design-sans-titre.png\" style=\"background-image: url(https:\/\/orthodiag.com\/wp-content\/uploads\/2024\/01\/Design-sans-titre.png)\"><\/div><div class=\"wpr-grid-media-hover wpr-animation-wrap\"><div class=\"wpr-grid-media-hover-bg  wpr-overlay-fade-out wpr-anim-size-medium wpr-anim-timing-ease-default wpr-anim-transparency\" data-url=\"https:\/\/orthodiag.com\/it\/2024\/05\/28\/orthodiag-lapplicazione-di-autodiagnosi-ortodontica\/\"><\/div><div class=\"wpr-grid-media-hover-bottom elementor-clearfix\"><div class=\"wpr-grid-item-category elementor-repeater-item-feeb06d wpr-grid-item-display-block wpr-grid-item-align-left wpr-pointer-none wpr-pointer-line-fx wpr-pointer-fx-fade wpr-grid-tax-style-1\"><div class=\"inner-block\"><a class=\" wpr-tax-id-40\" href=\"https:\/\/orthodiag.com\/it\/category\/orthodiag-it\/\">Orthodiag<\/a><\/div><\/div><h2 class=\"wpr-grid-item-title elementor-repeater-item-4d3b06f wpr-grid-item-display-block wpr-grid-item-align-left wpr-pointer-none wpr-pointer-line-fx wpr-pointer-fx-fade\"><div class=\"inner-block\"><a  target=\"_self\"  href=\"https:\/\/orthodiag.com\/it\/2024\/05\/28\/orthodiag-lapplicazione-di-autodiagnosi-ortodontica\/\">OrthoDiag, l&#8217;applicazione di autodiagnosi ortodontica<\/a><\/div><\/h2><div class=\"wpr-grid-item-date elementor-repeater-item-308d396 wpr-grid-item-display-inline wpr-grid-item-align-left\"><div class=\"inner-block\"><span>28 Maggio 2024<\/span><\/div><\/div><\/div><\/div><\/div><\/div><\/article><\/section><\/div>\t\t<\/div>\n\t\t\t\t<\/div>\n\t\t\t\t\t<\/div>\n\t\t\t\t<\/div>\n\t\t\t\t<\/div>\n\t\t","protected":false},"excerpt":{"rendered":"<p>Blog Orthodiag D\u00e9couvrez Orthodiag, l&rsquo;application mobile d&rsquo;orthodontie : s\u00e9curit\u00e9 et fonctionnalit\u00e9s pour un meilleur suivi 5 juillet 2024 Orthodiag Orthodontie adulte : Les techniques et avantages d\u2019une orthodontie avec Orthodiag\u00a0\u00a0 18 juin 2024 Orthodiag Tout comprendre sur l&rsquo;Orthodontie pour Enfants et Adolescents : Traitements et Conseils 7 juin 2024 Orthodiag OrthoDiag, l\u2019application d\u2019autodiagnostic en orthodontie 28 mai 2024 Orthodiag L&rsquo;autodiagnostic orthodontique pour tous les \u00e2ges\u00a0 24 avril 2024<\/p>\n","protected":false},"author":1,"featured_media":0,"parent":0,"menu_order":0,"comment_status":"closed","ping_status":"closed","template":"elementor_canvas","meta":{"_seopress_robots_primary_cat":"","_seopress_titles_title":"","_seopress_titles_desc":"","_seopress_robots_index":"","footnotes":""},"class_list":["post-1466","page","type-page","status-publish","hentry"],"_links":{"self":[{"href":"https:\/\/orthodiag.com\/it\/wp-json\/wp\/v2\/pages\/1466","targetHints":{"allow":["GET"]}}],"collection":[{"href":"https:\/\/orthodiag.com\/it\/wp-json\/wp\/v2\/pages"}],"about":[{"href":"https:\/\/orthodiag.com\/it\/wp-json\/wp\/v2\/types\/page"}],"author":[{"embeddable":true,"href":"https:\/\/orthodiag.com\/it\/wp-json\/wp\/v2\/users\/1"}],"replies":[{"embeddable":true,"href":"https:\/\/orthodiag.com\/it\/wp-json\/wp\/v2\/comments?post=1466"}],"version-history":[{"count":0,"href":"https:\/\/orthodiag.com\/it\/wp-json\/wp\/v2\/pages\/1466\/revisions"}],"wp:attachment":[{"href":"https:\/\/orthodiag.com\/it\/wp-json\/wp\/v2\/media?parent=1466"}],"curies":[{"name":"wp","href":"https:\/\/api.w.org\/{rel}","templated":true}]}}