{"id":1298,"date":"2024-04-29T16:20:26","date_gmt":"2024-04-29T14:20:26","guid":{"rendered":"https:\/\/orthodiag.com\/blog\/"},"modified":"2024-07-05T15:56:07","modified_gmt":"2024-07-05T13:56:07","slug":"blog","status":"publish","type":"page","link":"https:\/\/orthodiag.com\/es\/blog\/","title":{"rendered":"Blog"},"content":{"rendered":"\t\t<div data-elementor-type=\"wp-page\" data-elementor-id=\"1298\" class=\"elementor elementor-1298 elementor-748\">\n\t\t\t\t<div class=\"elementor-element elementor-element-86deef2 e-flex e-con-boxed wpr-particle-no wpr-jarallax-no wpr-parallax-no wpr-sticky-section-no e-con e-parent\" data-id=\"86deef2\" data-element_type=\"container\">\n\t\t\t\t\t<div class=\"e-con-inner\">\n\t\t\t\t<div class=\"elementor-element elementor-element-ce5d614 elementor-widget elementor-widget-heading\" data-id=\"ce5d614\" data-element_type=\"widget\" data-widget_type=\"heading.default\">\n\t\t\t\t<div class=\"elementor-widget-container\">\n\t\t\t<style>\/*! elementor - v3.22.0 - 26-06-2024 *\/\n.elementor-heading-title{padding:0;margin:0;line-height:1}.elementor-widget-heading .elementor-heading-title[class*=elementor-size-]>a{color:inherit;font-size:inherit;line-height:inherit}.elementor-widget-heading .elementor-heading-title.elementor-size-small{font-size:15px}.elementor-widget-heading .elementor-heading-title.elementor-size-medium{font-size:19px}.elementor-widget-heading .elementor-heading-title.elementor-size-large{font-size:29px}.elementor-widget-heading .elementor-heading-title.elementor-size-xl{font-size:39px}.elementor-widget-heading .elementor-heading-title.elementor-size-xxl{font-size:59px}<\/style><h1 class=\"elementor-heading-title elementor-size-default\">Blog<\/h1>\t\t<\/div>\n\t\t\t\t<\/div>\n\t\t\t\t\t<\/div>\n\t\t\t\t<\/div>\n\t\t<div class=\"elementor-element elementor-element-66bf7af e-flex e-con-boxed wpr-particle-no wpr-jarallax-no wpr-parallax-no wpr-sticky-section-no e-con e-parent\" data-id=\"66bf7af\" data-element_type=\"container\">\n\t\t\t\t\t<div class=\"e-con-inner\">\n\t\t\t\t<div class=\"elementor-element elementor-element-cbe95a8 elementor-widget elementor-widget-wpr-magazine-grid\" data-id=\"cbe95a8\" data-element_type=\"widget\" data-widget_type=\"wpr-magazine-grid.default\">\n\t\t\t\t<div class=\"elementor-widget-container\">\n\t\t\t<div class=\"wpr-magazine-grid-wrap\"  data-slide-effect=\"\"><section class=\"wpr-magazine-grid wpr-mgzn-grid-3-h wpr-mgzn-grid-rows-2\"><article class=\"wpr-mgzn-grid-item elementor-clearfix post-1607 post type-post status-publish format-standard has-post-thumbnail hentry category-orthodiag-es\"><div class=\"wpr-grid-item-inner\"><div class=\"wpr-grid-media-wrap\" data-overlay-link=\"yes\"><div class=\"wpr-grid-image-wrap\" data-src=\"https:\/\/orthodiag.com\/wp-content\/uploads\/2024\/07\/les-avantages-applications-mobile-OrthoDiag.jpg\" style=\"background-image: url(https:\/\/orthodiag.com\/wp-content\/uploads\/2024\/07\/les-avantages-applications-mobile-OrthoDiag.jpg)\"><\/div><div class=\"wpr-grid-media-hover wpr-animation-wrap\"><div class=\"wpr-grid-media-hover-bg  wpr-overlay-fade-out wpr-anim-size-medium wpr-anim-timing-ease-default wpr-anim-transparency\" data-url=\"https:\/\/orthodiag.com\/es\/2024\/07\/31\/las-ventajas-de-una-aplicacion-de-ortodoncia-con-autodiagnostico-rapidez-precision-y-comodidad\/\"><\/div><div class=\"wpr-grid-media-hover-bottom elementor-clearfix\"><div class=\"wpr-grid-item-category elementor-repeater-item-feeb06d wpr-grid-item-display-block wpr-grid-item-align-left wpr-pointer-none wpr-pointer-line-fx wpr-pointer-fx-fade wpr-grid-tax-style-1\"><div class=\"inner-block\"><a class=\" wpr-tax-id-38\" href=\"https:\/\/orthodiag.com\/es\/category\/orthodiag-es\/\">Orthodiag<\/a><\/div><\/div><h2 class=\"wpr-grid-item-title elementor-repeater-item-4d3b06f wpr-grid-item-display-block wpr-grid-item-align-left wpr-pointer-none wpr-pointer-line-fx wpr-pointer-fx-fade\"><div class=\"inner-block\"><a  target=\"_self\"  href=\"https:\/\/orthodiag.com\/es\/2024\/07\/31\/las-ventajas-de-una-aplicacion-de-ortodoncia-con-autodiagnostico-rapidez-precision-y-comodidad\/\">Las ventajas de una aplicaci\u00f3n de ortodoncia con autodiagn\u00f3stico: rapidez, precisi\u00f3n y comodidad<\/a><\/div><\/h2><div class=\"wpr-grid-item-date elementor-repeater-item-308d396 wpr-grid-item-display-inline wpr-grid-item-align-left\"><div class=\"inner-block\"><span>31 julio 2024<\/span><\/div><\/div><\/div><\/div><\/div><\/div><\/article><article class=\"wpr-mgzn-grid-item elementor-clearfix post-1542 post type-post status-publish format-standard hentry category-orthodiag\"><div class=\"wpr-grid-item-inner\"><div class=\"wpr-grid-media-wrap\" data-overlay-link=\"yes\"><div class=\"wpr-grid-media-hover wpr-animation-wrap\"><div class=\"wpr-grid-media-hover-bg  wpr-overlay-fade-out wpr-anim-size-medium wpr-anim-timing-ease-default wpr-anim-transparency\" data-url=\"https:\/\/orthodiag.com\/es\/2024\/07\/24\/tratamiento-de-ortodoncia-con-orthodiag-tipos-costos-y-reembolsos\/\"><\/div><div class=\"wpr-grid-media-hover-bottom elementor-clearfix\"><div class=\"wpr-grid-item-category elementor-repeater-item-feeb06d wpr-grid-item-display-block wpr-grid-item-align-left wpr-pointer-none wpr-pointer-line-fx wpr-pointer-fx-fade wpr-grid-tax-style-1\"><div class=\"inner-block\"><a class=\" wpr-tax-id-9\" href=\"https:\/\/orthodiag.com\/category\/orthodiag\/\">Orthodiag<\/a><\/div><\/div><h2 class=\"wpr-grid-item-title elementor-repeater-item-4d3b06f wpr-grid-item-display-block wpr-grid-item-align-left wpr-pointer-none wpr-pointer-line-fx wpr-pointer-fx-fade\"><div class=\"inner-block\"><a  target=\"_self\"  href=\"https:\/\/orthodiag.com\/es\/2024\/07\/24\/tratamiento-de-ortodoncia-con-orthodiag-tipos-costos-y-reembolsos\/\">Tratamiento de Ortodoncia con Orthodiag: Tipos, Costos y Reembolsos<\/a><\/div><\/h2><div class=\"wpr-grid-item-date elementor-repeater-item-308d396 wpr-grid-item-display-inline wpr-grid-item-align-left\"><div class=\"inner-block\"><span>24 julio 2024<\/span><\/div><\/div><\/div><\/div><\/div><\/div><\/article><article class=\"wpr-mgzn-grid-item elementor-clearfix post-1302 post type-post status-publish format-standard has-post-thumbnail hentry category-orthodiag-es\"><div class=\"wpr-grid-item-inner\"><div class=\"wpr-grid-media-wrap\" data-overlay-link=\"yes\"><div class=\"wpr-grid-image-wrap\" data-src=\"https:\/\/orthodiag.com\/wp-content\/uploads\/2024\/07\/orthodiag-application-mobile-orthodontie.jpeg\" style=\"background-image: url(https:\/\/orthodiag.com\/wp-content\/uploads\/2024\/07\/orthodiag-application-mobile-orthodontie.jpeg)\"><\/div><div class=\"wpr-grid-media-hover wpr-animation-wrap\"><div class=\"wpr-grid-media-hover-bg  wpr-overlay-fade-out wpr-anim-size-medium wpr-anim-timing-ease-default wpr-anim-transparency\" data-url=\"https:\/\/orthodiag.com\/es\/2024\/07\/05\/decouvrez-orthodiag-la-aplicacion-movil-de-ortodoncia-seguridad-y-funciones-para-un-mejor-seguimiento\/\"><\/div><div class=\"wpr-grid-media-hover-bottom elementor-clearfix\"><div class=\"wpr-grid-item-category elementor-repeater-item-feeb06d wpr-grid-item-display-block wpr-grid-item-align-left wpr-pointer-none wpr-pointer-line-fx wpr-pointer-fx-fade wpr-grid-tax-style-1\"><div class=\"inner-block\"><a class=\" wpr-tax-id-38\" href=\"https:\/\/orthodiag.com\/es\/category\/orthodiag-es\/\">Orthodiag<\/a><\/div><\/div><h2 class=\"wpr-grid-item-title elementor-repeater-item-4d3b06f wpr-grid-item-display-block wpr-grid-item-align-left wpr-pointer-none wpr-pointer-line-fx wpr-pointer-fx-fade\"><div class=\"inner-block\"><a  target=\"_self\"  href=\"https:\/\/orthodiag.com\/es\/2024\/07\/05\/decouvrez-orthodiag-la-aplicacion-movil-de-ortodoncia-seguridad-y-funciones-para-un-mejor-seguimiento\/\">D\u00e9couvrez Orthodiag, la aplicaci\u00f3n m\u00f3vil de ortodoncia: seguridad y funciones para un mejor seguimiento<\/a><\/div><\/h2><div class=\"wpr-grid-item-date elementor-repeater-item-308d396 wpr-grid-item-display-inline wpr-grid-item-align-left\"><div class=\"inner-block\"><span>5 julio 2024<\/span><\/div><\/div><\/div><\/div><\/div><\/div><\/article><article class=\"wpr-mgzn-grid-item elementor-clearfix post-1310 post type-post status-publish format-standard has-post-thumbnail hentry category-orthodiag-es\"><div class=\"wpr-grid-item-inner\"><div class=\"wpr-grid-media-wrap\" data-overlay-link=\"yes\"><div class=\"wpr-grid-image-wrap\" data-src=\"https:\/\/orthodiag.com\/wp-content\/uploads\/2024\/05\/techniques-avantages-orthodontie-adulte.jpeg\" style=\"background-image: url(https:\/\/orthodiag.com\/wp-content\/uploads\/2024\/05\/techniques-avantages-orthodontie-adulte.jpeg)\"><\/div><div class=\"wpr-grid-media-hover wpr-animation-wrap\"><div class=\"wpr-grid-media-hover-bg  wpr-overlay-fade-out wpr-anim-size-medium wpr-anim-timing-ease-default wpr-anim-transparency\" data-url=\"https:\/\/orthodiag.com\/es\/2024\/06\/18\/ortodoncia-para-adultos-las-tecnicas-y-ventajas-de-la-ortodoncia-con-orthodiag\/\"><\/div><div class=\"wpr-grid-media-hover-bottom elementor-clearfix\"><div class=\"wpr-grid-item-category elementor-repeater-item-feeb06d wpr-grid-item-display-block wpr-grid-item-align-left wpr-pointer-none wpr-pointer-line-fx wpr-pointer-fx-fade wpr-grid-tax-style-1\"><div class=\"inner-block\"><a class=\" wpr-tax-id-38\" href=\"https:\/\/orthodiag.com\/es\/category\/orthodiag-es\/\">Orthodiag<\/a><\/div><\/div><h2 class=\"wpr-grid-item-title elementor-repeater-item-4d3b06f wpr-grid-item-display-block wpr-grid-item-align-left wpr-pointer-none wpr-pointer-line-fx wpr-pointer-fx-fade\"><div class=\"inner-block\"><a  target=\"_self\"  href=\"https:\/\/orthodiag.com\/es\/2024\/06\/18\/ortodoncia-para-adultos-las-tecnicas-y-ventajas-de-la-ortodoncia-con-orthodiag\/\">Ortodoncia para adultos: Las t\u00e9cnicas y ventajas de la ortodoncia con Orthodiag<\/a><\/div><\/h2><div class=\"wpr-grid-item-date elementor-repeater-item-308d396 wpr-grid-item-display-inline wpr-grid-item-align-left\"><div class=\"inner-block\"><span>18 junio 2024<\/span><\/div><\/div><\/div><\/div><\/div><\/div><\/article><article class=\"wpr-mgzn-grid-item elementor-clearfix post-1318 post type-post status-publish format-standard has-post-thumbnail hentry category-orthodiag-es\"><div class=\"wpr-grid-item-inner\"><div class=\"wpr-grid-media-wrap\" data-overlay-link=\"yes\"><div class=\"wpr-grid-image-wrap\" data-src=\"https:\/\/orthodiag.com\/wp-content\/uploads\/2024\/05\/Orthodiag-orthodontie-enfants.jpeg\" style=\"background-image: url(https:\/\/orthodiag.com\/wp-content\/uploads\/2024\/05\/Orthodiag-orthodontie-enfants.jpeg)\"><\/div><div class=\"wpr-grid-media-hover wpr-animation-wrap\"><div class=\"wpr-grid-media-hover-bg  wpr-overlay-fade-out wpr-anim-size-medium wpr-anim-timing-ease-default wpr-anim-transparency\" data-url=\"https:\/\/orthodiag.com\/es\/2024\/06\/07\/entiende-todo-sobre-la-ortodoncia-para-ninos-y-adolescentes-tratamientos-y-consejos\/\"><\/div><div class=\"wpr-grid-media-hover-bottom elementor-clearfix\"><div class=\"wpr-grid-item-category elementor-repeater-item-feeb06d wpr-grid-item-display-block wpr-grid-item-align-left wpr-pointer-none wpr-pointer-line-fx wpr-pointer-fx-fade wpr-grid-tax-style-1\"><div class=\"inner-block\"><a class=\" wpr-tax-id-38\" href=\"https:\/\/orthodiag.com\/es\/category\/orthodiag-es\/\">Orthodiag<\/a><\/div><\/div><h2 class=\"wpr-grid-item-title elementor-repeater-item-4d3b06f wpr-grid-item-display-block wpr-grid-item-align-left wpr-pointer-none wpr-pointer-line-fx wpr-pointer-fx-fade\"><div class=\"inner-block\"><a  target=\"_self\"  href=\"https:\/\/orthodiag.com\/es\/2024\/06\/07\/entiende-todo-sobre-la-ortodoncia-para-ninos-y-adolescentes-tratamientos-y-consejos\/\">Entiende todo sobre la Ortodoncia para Ni\u00f1os y Adolescentes: Tratamientos y Consejos<\/a><\/div><\/h2><div class=\"wpr-grid-item-date elementor-repeater-item-308d396 wpr-grid-item-display-inline wpr-grid-item-align-left\"><div class=\"inner-block\"><span>7 junio 2024<\/span><\/div><\/div><\/div><\/div><\/div><\/div><\/article><article class=\"wpr-mgzn-grid-item elementor-clearfix post-1328 post type-post status-publish format-standard has-post-thumbnail hentry category-orthodiag-es\"><div class=\"wpr-grid-item-inner\"><div class=\"wpr-grid-media-wrap\" data-overlay-link=\"yes\"><div class=\"wpr-grid-image-wrap\" data-src=\"https:\/\/orthodiag.com\/wp-content\/uploads\/2024\/01\/Design-sans-titre.png\" style=\"background-image: url(https:\/\/orthodiag.com\/wp-content\/uploads\/2024\/01\/Design-sans-titre.png)\"><\/div><div class=\"wpr-grid-media-hover wpr-animation-wrap\"><div class=\"wpr-grid-media-hover-bg  wpr-overlay-fade-out wpr-anim-size-medium wpr-anim-timing-ease-default wpr-anim-transparency\" data-url=\"https:\/\/orthodiag.com\/es\/2024\/05\/28\/orthodiag-la-aplicacion-de-autodiagnostico-de-ortodoncia\/\"><\/div><div class=\"wpr-grid-media-hover-bottom elementor-clearfix\"><div class=\"wpr-grid-item-category elementor-repeater-item-feeb06d wpr-grid-item-display-block wpr-grid-item-align-left wpr-pointer-none wpr-pointer-line-fx wpr-pointer-fx-fade wpr-grid-tax-style-1\"><div class=\"inner-block\"><a class=\" wpr-tax-id-38\" href=\"https:\/\/orthodiag.com\/es\/category\/orthodiag-es\/\">Orthodiag<\/a><\/div><\/div><h2 class=\"wpr-grid-item-title elementor-repeater-item-4d3b06f wpr-grid-item-display-block wpr-grid-item-align-left wpr-pointer-none wpr-pointer-line-fx wpr-pointer-fx-fade\"><div class=\"inner-block\"><a  target=\"_self\"  href=\"https:\/\/orthodiag.com\/es\/2024\/05\/28\/orthodiag-la-aplicacion-de-autodiagnostico-de-ortodoncia\/\">OrthoDiag, la aplicaci\u00f3n de autodiagn\u00f3stico de ortodoncia<\/a><\/div><\/h2><div class=\"wpr-grid-item-date elementor-repeater-item-308d396 wpr-grid-item-display-inline wpr-grid-item-align-left\"><div class=\"inner-block\"><span>28 mayo 2024<\/span><\/div><\/div><\/div><\/div><\/div><\/div><\/article><\/section><\/div>\t\t<\/div>\n\t\t\t\t<\/div>\n\t\t\t\t\t<\/div>\n\t\t\t\t<\/div>\n\t\t\t\t<\/div>\n\t\t","protected":false},"excerpt":{"rendered":"<p>Blog Orthodiag D\u00e9couvrez Orthodiag, l&rsquo;application mobile d&rsquo;orthodontie : s\u00e9curit\u00e9 et fonctionnalit\u00e9s pour un meilleur suivi 5 juillet 2024 Orthodiag Orthodontie adulte : Les techniques et avantages d\u2019une orthodontie avec Orthodiag\u00a0\u00a0 18 juin 2024 Orthodiag Tout comprendre sur l&rsquo;Orthodontie pour Enfants et Adolescents : Traitements et Conseils 7 juin 2024 Orthodiag OrthoDiag, l\u2019application d\u2019autodiagnostic en orthodontie 28 mai 2024 Orthodiag L&rsquo;autodiagnostic orthodontique pour tous les \u00e2ges\u00a0 24 avril 2024<\/p>\n","protected":false},"author":1,"featured_media":0,"parent":0,"menu_order":0,"comment_status":"closed","ping_status":"closed","template":"elementor_canvas","meta":{"_seopress_robots_primary_cat":"","_seopress_titles_title":"","_seopress_titles_desc":"","_seopress_robots_index":"","footnotes":""},"class_list":["post-1298","page","type-page","status-publish","hentry"],"_links":{"self":[{"href":"https:\/\/orthodiag.com\/es\/wp-json\/wp\/v2\/pages\/1298","targetHints":{"allow":["GET"]}}],"collection":[{"href":"https:\/\/orthodiag.com\/es\/wp-json\/wp\/v2\/pages"}],"about":[{"href":"https:\/\/orthodiag.com\/es\/wp-json\/wp\/v2\/types\/page"}],"author":[{"embeddable":true,"href":"https:\/\/orthodiag.com\/es\/wp-json\/wp\/v2\/users\/1"}],"replies":[{"embeddable":true,"href":"https:\/\/orthodiag.com\/es\/wp-json\/wp\/v2\/comments?post=1298"}],"version-history":[{"count":0,"href":"https:\/\/orthodiag.com\/es\/wp-json\/wp\/v2\/pages\/1298\/revisions"}],"wp:attachment":[{"href":"https:\/\/orthodiag.com\/es\/wp-json\/wp\/v2\/media?parent=1298"}],"curies":[{"name":"wp","href":"https:\/\/api.w.org\/{rel}","templated":true}]}}