{"id":1296,"date":"2024-01-24T16:16:29","date_gmt":"2024-01-24T15:16:29","guid":{"rendered":"https:\/\/orthodiag.com\/notas-legales\/"},"modified":"2024-07-05T15:53:51","modified_gmt":"2024-07-05T13:53:51","slug":"notas-legales","status":"publish","type":"page","link":"https:\/\/orthodiag.com\/es\/notas-legales\/","title":{"rendered":"Notas legales"},"content":{"rendered":"\t\t<div data-elementor-type=\"wp-page\" data-elementor-id=\"1296\" class=\"elementor elementor-1296 elementor-642\">\n\t\t\t\t<div class=\"elementor-element elementor-element-afab8f1 e-flex e-con-boxed wpr-particle-no wpr-jarallax-no wpr-parallax-no wpr-sticky-section-no e-con e-parent\" data-id=\"afab8f1\" data-element_type=\"container\">\n\t\t\t\t\t<div class=\"e-con-inner\">\n\t\t\t\t<div class=\"elementor-element elementor-element-1c71869 elementor-widget elementor-widget-heading\" data-id=\"1c71869\" data-element_type=\"widget\" data-widget_type=\"heading.default\">\n\t\t\t\t<div class=\"elementor-widget-container\">\n\t\t\t<style>\/*! elementor - v3.22.0 - 26-06-2024 *\/\n.elementor-heading-title{padding:0;margin:0;line-height:1}.elementor-widget-heading .elementor-heading-title[class*=elementor-size-]>a{color:inherit;font-size:inherit;line-height:inherit}.elementor-widget-heading .elementor-heading-title.elementor-size-small{font-size:15px}.elementor-widget-heading .elementor-heading-title.elementor-size-medium{font-size:19px}.elementor-widget-heading .elementor-heading-title.elementor-size-large{font-size:29px}.elementor-widget-heading .elementor-heading-title.elementor-size-xl{font-size:39px}.elementor-widget-heading .elementor-heading-title.elementor-size-xxl{font-size:59px}<\/style><h2 class=\"elementor-heading-title elementor-size-default\">Notas legales<\/h2>\t\t<\/div>\n\t\t\t\t<\/div>\n\t\t\t\t<div class=\"elementor-element elementor-element-e29af79 elementor-widget elementor-widget-heading\" data-id=\"e29af79\" data-element_type=\"widget\" data-widget_type=\"heading.default\">\n\t\t\t\t<div class=\"elementor-widget-container\">\n\t\t\t<h2 class=\"elementor-heading-title elementor-size-default\">Orthodiag, aplicaci\u00f3n de autodiagn\u00f3stico del ortodoncista.<\/h2>\t\t<\/div>\n\t\t\t\t<\/div>\n\t\t\t\t<div class=\"elementor-element elementor-element-1863bbf elementor-widget elementor-widget-text-editor\" data-id=\"1863bbf\" data-element_type=\"widget\" data-widget_type=\"text-editor.default\">\n\t\t\t\t<div class=\"elementor-widget-container\">\n\t\t\t<style>\/*! elementor - v3.22.0 - 26-06-2024 *\/\n.elementor-widget-text-editor.elementor-drop-cap-view-stacked .elementor-drop-cap{background-color:#69727d;color:#fff}.elementor-widget-text-editor.elementor-drop-cap-view-framed .elementor-drop-cap{color:#69727d;border:3px solid;background-color:transparent}.elementor-widget-text-editor:not(.elementor-drop-cap-view-default) .elementor-drop-cap{margin-top:8px}.elementor-widget-text-editor:not(.elementor-drop-cap-view-default) .elementor-drop-cap-letter{width:1em;height:1em}.elementor-widget-text-editor .elementor-drop-cap{float:left;text-align:center;line-height:1;font-size:50px}.elementor-widget-text-editor .elementor-drop-cap-letter{display:inline-block}<\/style>\t\t\t\t<p>Detalles de contacto : <\/p>\n<p>El sitio es propiedad exclusiva de la empresa NOHV.<\/p>\n<p>8 Rue du Zier 3963 Lens &#8211; Suisse.<\/p>\n<p>Los contenidos del sitio web son responsabilidad de:<\/p>\n<p>M. G\u00e9rard Hermet.<\/p>\n\t\t\t\t\t\t<\/div>\n\t\t\t\t<\/div>\n\t\t\t\t<div class=\"elementor-element elementor-element-928df26 elementor-widget elementor-widget-heading\" data-id=\"928df26\" data-element_type=\"widget\" data-widget_type=\"heading.default\">\n\t\t\t\t<div class=\"elementor-widget-container\">\n\t\t\t<h2 class=\"elementor-heading-title elementor-size-default\">Alojamiento<\/h2>\t\t<\/div>\n\t\t\t\t<\/div>\n\t\t\t\t<div class=\"elementor-element elementor-element-1da0ce6 elementor-widget elementor-widget-text-editor\" data-id=\"1da0ce6\" data-element_type=\"widget\" data-widget_type=\"text-editor.default\">\n\t\t\t\t<div class=\"elementor-widget-container\">\n\t\t\t\t\t\t\t<h3>InfoManiak<\/h3>\n<div class=\"block-description__left text-center margin-bottom-50\">\n<p class=\"block-content__title margin-bottom-20 underline\"><strong>Direcci\u00f3n postal<\/strong><\/p>\n<p class=\"block-content__description\">Infomaniak Network SA<\/p>\n<p class=\"block-content__description\">Rue Eug\u00e8ne Marziano 25<\/p>\n<p class=\"block-content__description\">1227 Les Acacias (GE)<\/p>\n<\/div>\n<div class=\"block-description__left text-center margin-bottom-50\">\n<p class=\"block-content__description block-content__bold\"><strong>Sede de la empresa<\/strong><\/p>\n<p class=\"block-content__description\">Les Acacias, Gen\u00e8ve, Suisse<\/p>\n<p class=\"block-content__description block-content__bold\">Registro mercantil del cant\u00f3n de Ginebra: CH-660.0.059.996-1<\/p>\n<p class=\"block-content__description block-content__bold\">N\u00famero IDE: CHE-103.167.648<\/p>\n<p class=\"block-content__description block-content__bold\">N\u00famero de IVA: CHE-103.167.648<\/p>\n<\/div>\n\t\t\t\t\t\t<\/div>\n\t\t\t\t<\/div>\n\t\t\t\t<div class=\"elementor-element elementor-element-463736e elementor-widget elementor-widget-heading\" data-id=\"463736e\" data-element_type=\"widget\" data-widget_type=\"heading.default\">\n\t\t\t\t<div class=\"elementor-widget-container\">\n\t\t\t<h2 class=\"elementor-heading-title elementor-size-default\">Dise\u00f1o y producci\u00f3n<\/h2>\t\t<\/div>\n\t\t\t\t<\/div>\n\t\t\t\t<div class=\"elementor-element elementor-element-ce417d6 elementor-widget elementor-widget-text-editor\" data-id=\"ce417d6\" data-element_type=\"widget\" data-widget_type=\"text-editor.default\">\n\t\t\t\t<div class=\"elementor-widget-container\">\n\t\t\t\t\t\t\t<h3>Agency Inside<\/h3>\n<p>agencia digital<\/p>\n<p>73 rue du ch\u00e2teau \u2013 92100 Boulogne Billancourt<\/p>\n<p>www.agency-inside.com<\/p>\n\t\t\t\t\t\t<\/div>\n\t\t\t\t<\/div>\n\t\t\t\t<div class=\"elementor-element elementor-element-23f0528 elementor-widget elementor-widget-heading\" data-id=\"23f0528\" data-element_type=\"widget\" data-widget_type=\"heading.default\">\n\t\t\t\t<div class=\"elementor-widget-container\">\n\t\t\t<h2 class=\"elementor-heading-title elementor-size-default\">Descargo de responsabilidad<\/h2>\t\t<\/div>\n\t\t\t\t<\/div>\n\t\t\t\t<div class=\"elementor-element elementor-element-070e068 elementor-widget elementor-widget-text-editor\" data-id=\"070e068\" data-element_type=\"widget\" data-widget_type=\"text-editor.default\">\n\t\t\t\t<div class=\"elementor-widget-container\">\n\t\t\t\t\t\t\t<p>Orthodiag no se hace responsable, en ning\u00fan caso, del contenido de la informaci\u00f3n que aparece en este sitio ni de las consecuencias que puedan derivarse de su uso o interpretaci\u00f3n.<\/p>\n\t\t\t\t\t\t<\/div>\n\t\t\t\t<\/div>\n\t\t\t\t<div class=\"elementor-element elementor-element-7d6eb30 elementor-widget elementor-widget-heading\" data-id=\"7d6eb30\" data-element_type=\"widget\" data-widget_type=\"heading.default\">\n\t\t\t\t<div class=\"elementor-widget-container\">\n\t\t\t<h2 class=\"elementor-heading-title elementor-size-default\">Marcas y logotipos<\/h2>\t\t<\/div>\n\t\t\t\t<\/div>\n\t\t\t\t<div class=\"elementor-element elementor-element-b386113 elementor-widget elementor-widget-text-editor\" data-id=\"b386113\" data-element_type=\"widget\" data-widget_type=\"text-editor.default\">\n\t\t\t\t<div class=\"elementor-widget-container\">\n\t\t\t\t\t\t\t<p>Cualquier uso de las marcas y logotipos de este sitio est\u00e1 prohibido sin la autorizaci\u00f3n de Orthodiag.<\/p>\n\t\t\t\t\t\t<\/div>\n\t\t\t\t<\/div>\n\t\t\t\t<div class=\"elementor-element elementor-element-870f21a elementor-widget elementor-widget-heading\" data-id=\"870f21a\" data-element_type=\"widget\" data-widget_type=\"heading.default\">\n\t\t\t\t<div class=\"elementor-widget-container\">\n\t\t\t<h2 class=\"elementor-heading-title elementor-size-default\">Cr\u00e9ditos fotogr\u00e1ficos y de v\u00eddeo.<\/h2>\t\t<\/div>\n\t\t\t\t<\/div>\n\t\t\t\t<div class=\"elementor-element elementor-element-b4073a7 elementor-widget elementor-widget-text-editor\" data-id=\"b4073a7\" data-element_type=\"widget\" data-widget_type=\"text-editor.default\">\n\t\t\t\t<div class=\"elementor-widget-container\">\n\t\t\t\t\t\t\t<p>Todas las fotograf\u00edas y v\u00eddeos de este sitio tienen prohibida su reproducci\u00f3n.<br \/>Provienen de Orthodiag.<\/p>\n\t\t\t\t\t\t<\/div>\n\t\t\t\t<\/div>\n\t\t\t\t<div class=\"elementor-element elementor-element-361df49 elementor-widget elementor-widget-heading\" data-id=\"361df49\" data-element_type=\"widget\" data-widget_type=\"heading.default\">\n\t\t\t\t<div class=\"elementor-widget-container\">\n\t\t\t<h2 class=\"elementor-heading-title elementor-size-default\">Tracking<\/h2>\t\t<\/div>\n\t\t\t\t<\/div>\n\t\t\t\t<div class=\"elementor-element elementor-element-66aa633 elementor-widget elementor-widget-text-editor\" data-id=\"66aa633\" data-element_type=\"widget\" data-widget_type=\"text-editor.default\">\n\t\t\t\t<div class=\"elementor-widget-container\">\n\t\t\t\t\t\t\t<p>El sitio web de Orthodiag utiliza un rastreador para analizar el tr\u00e1fico y las conversiones. Bajo ninguna circunstancia se recogen los correos electr\u00f3nicos o nombres de las personas. Tambi\u00e9n puedes bloquear las cookies en tus navegadores web (Google Chrome, Safari, Opera, Internet Explorer, Edge y Firefox) para no compartir informaci\u00f3n sobre tu visita al sitio web.<\/p>\n\t\t\t\t\t\t<\/div>\n\t\t\t\t<\/div>\n\t\t\t\t\t<\/div>\n\t\t\t\t<\/div>\n\t\t\t\t<\/div>\n\t\t","protected":false},"excerpt":{"rendered":"<p>Notas legales Orthodiag, aplicaci\u00f3n de autodiagn\u00f3stico del ortodoncista. Detalles de contacto : El sitio es propiedad exclusiva de la empresa NOHV. 8 Rue du Zier 3963 Lens &#8211; Suisse. Los contenidos del sitio web son responsabilidad de: M. G\u00e9rard Hermet. Alojamiento InfoManiak Direcci\u00f3n postal Infomaniak Network SA Rue Eug\u00e8ne Marziano 25 1227 Les Acacias (GE) Sede de la empresa Les Acacias, Gen\u00e8ve, Suisse Registro mercantil del cant\u00f3n de Ginebra: CH-660.0.059.996-1 N\u00famero IDE: CHE-103.167.648 N\u00famero de IVA: CHE-103.167.648 Dise\u00f1o y producci\u00f3n Agency Inside agencia digital 73 rue du ch\u00e2teau \u2013 92100 Boulogne Billancourt www.agency-inside.com Descargo de responsabilidad Orthodiag no se hace responsable, en ning\u00fan caso, del contenido de la informaci\u00f3n que aparece en este sitio ni de las consecuencias que puedan derivarse de su uso o interpretaci\u00f3n. Marcas y logotipos Cualquier uso de las marcas y logotipos de este sitio est\u00e1 prohibido sin la autorizaci\u00f3n de Orthodiag. Cr\u00e9ditos fotogr\u00e1ficos y de v\u00eddeo. Todas las fotograf\u00edas y v\u00eddeos de este sitio tienen prohibida su reproducci\u00f3n.Provienen de Orthodiag. Tracking El sitio web de Orthodiag utiliza un rastreador para analizar el tr\u00e1fico y las conversiones. Bajo ninguna circunstancia se recogen los correos electr\u00f3nicos o nombres de las personas. Tambi\u00e9n puedes bloquear las cookies en tus navegadores web (Google Chrome, Safari, Opera, Internet Explorer, Edge y Firefox) para no compartir informaci\u00f3n sobre tu visita al sitio web.<\/p>\n","protected":false},"author":1,"featured_media":0,"parent":0,"menu_order":0,"comment_status":"closed","ping_status":"closed","template":"elementor_canvas","meta":{"_seopress_robots_primary_cat":"","_seopress_titles_title":"","_seopress_titles_desc":"","_seopress_robots_index":"","footnotes":""},"class_list":["post-1296","page","type-page","status-publish","hentry"],"_links":{"self":[{"href":"https:\/\/orthodiag.com\/es\/wp-json\/wp\/v2\/pages\/1296","targetHints":{"allow":["GET"]}}],"collection":[{"href":"https:\/\/orthodiag.com\/es\/wp-json\/wp\/v2\/pages"}],"about":[{"href":"https:\/\/orthodiag.com\/es\/wp-json\/wp\/v2\/types\/page"}],"author":[{"embeddable":true,"href":"https:\/\/orthodiag.com\/es\/wp-json\/wp\/v2\/users\/1"}],"replies":[{"embeddable":true,"href":"https:\/\/orthodiag.com\/es\/wp-json\/wp\/v2\/comments?post=1296"}],"version-history":[{"count":0,"href":"https:\/\/orthodiag.com\/es\/wp-json\/wp\/v2\/pages\/1296\/revisions"}],"wp:attachment":[{"href":"https:\/\/orthodiag.com\/es\/wp-json\/wp\/v2\/media?parent=1296"}],"curies":[{"name":"wp","href":"https:\/\/api.w.org\/{rel}","templated":true}]}}