{"id":1038,"date":"2024-01-24T16:16:29","date_gmt":"2024-01-24T15:16:29","guid":{"rendered":"https:\/\/orthodiag.com\/legal-information\/"},"modified":"2024-06-18T12:36:09","modified_gmt":"2024-06-18T10:36:09","slug":"legal-information","status":"publish","type":"page","link":"https:\/\/orthodiag.com\/en\/legal-information\/","title":{"rendered":"Legal information"},"content":{"rendered":"\t\t<div data-elementor-type=\"wp-page\" data-elementor-id=\"1038\" class=\"elementor elementor-1038 elementor-642\">\n\t\t\t\t<div class=\"elementor-element elementor-element-afab8f1 e-flex e-con-boxed wpr-particle-no wpr-jarallax-no wpr-parallax-no wpr-sticky-section-no e-con e-parent\" data-id=\"afab8f1\" data-element_type=\"container\">\n\t\t\t\t\t<div class=\"e-con-inner\">\n\t\t\t\t<div class=\"elementor-element elementor-element-1c71869 elementor-widget elementor-widget-heading\" data-id=\"1c71869\" data-element_type=\"widget\" data-widget_type=\"heading.default\">\n\t\t\t\t<div class=\"elementor-widget-container\">\n\t\t\t<style>\/*! elementor - v3.22.0 - 26-06-2024 *\/\n.elementor-heading-title{padding:0;margin:0;line-height:1}.elementor-widget-heading .elementor-heading-title[class*=elementor-size-]>a{color:inherit;font-size:inherit;line-height:inherit}.elementor-widget-heading .elementor-heading-title.elementor-size-small{font-size:15px}.elementor-widget-heading .elementor-heading-title.elementor-size-medium{font-size:19px}.elementor-widget-heading .elementor-heading-title.elementor-size-large{font-size:29px}.elementor-widget-heading .elementor-heading-title.elementor-size-xl{font-size:39px}.elementor-widget-heading .elementor-heading-title.elementor-size-xxl{font-size:59px}<\/style><h2 class=\"elementor-heading-title elementor-size-default\">Legal information<\/h2>\t\t<\/div>\n\t\t\t\t<\/div>\n\t\t\t\t<div class=\"elementor-element elementor-element-e29af79 elementor-widget elementor-widget-heading\" data-id=\"e29af79\" data-element_type=\"widget\" data-widget_type=\"heading.default\">\n\t\t\t\t<div class=\"elementor-widget-container\">\n\t\t\t<h2 class=\"elementor-heading-title elementor-size-default\">Orthodiag, orthodontic self-diagnosis application<\/h2>\t\t<\/div>\n\t\t\t\t<\/div>\n\t\t\t\t<div class=\"elementor-element elementor-element-1863bbf elementor-widget elementor-widget-text-editor\" data-id=\"1863bbf\" data-element_type=\"widget\" data-widget_type=\"text-editor.default\">\n\t\t\t\t<div class=\"elementor-widget-container\">\n\t\t\t<style>\/*! elementor - v3.22.0 - 26-06-2024 *\/\n.elementor-widget-text-editor.elementor-drop-cap-view-stacked .elementor-drop-cap{background-color:#69727d;color:#fff}.elementor-widget-text-editor.elementor-drop-cap-view-framed .elementor-drop-cap{color:#69727d;border:3px solid;background-color:transparent}.elementor-widget-text-editor:not(.elementor-drop-cap-view-default) .elementor-drop-cap{margin-top:8px}.elementor-widget-text-editor:not(.elementor-drop-cap-view-default) .elementor-drop-cap-letter{width:1em;height:1em}.elementor-widget-text-editor .elementor-drop-cap{float:left;text-align:center;line-height:1;font-size:50px}.elementor-widget-text-editor .elementor-drop-cap-letter{display:inline-block}<\/style>\t\t\t\t<p>Contact details <\/p>\n<p>Le site est la propri\u00e9t\u00e9 exclusive de la soci\u00e9t\u00e9 NOHV<\/p>\n<p>8 Rue du Zier 3963 Lens &#8211; Switzerland.<\/p>\n<p>The contents of the website are the responsibility of :<\/p>\n<p>Mr G\u00e9rard Hermet.<\/p>\n\t\t\t\t\t\t<\/div>\n\t\t\t\t<\/div>\n\t\t\t\t<div class=\"elementor-element elementor-element-928df26 elementor-widget elementor-widget-heading\" data-id=\"928df26\" data-element_type=\"widget\" data-widget_type=\"heading.default\">\n\t\t\t\t<div class=\"elementor-widget-container\">\n\t\t\t<h2 class=\"elementor-heading-title elementor-size-default\">Hosting<\/h2>\t\t<\/div>\n\t\t\t\t<\/div>\n\t\t\t\t<div class=\"elementor-element elementor-element-1da0ce6 elementor-widget elementor-widget-text-editor\" data-id=\"1da0ce6\" data-element_type=\"widget\" data-widget_type=\"text-editor.default\">\n\t\t\t\t<div class=\"elementor-widget-container\">\n\t\t\t\t\t\t\t<h3>InfoManiak<\/h3>\n<div class=\"block-description__left text-center margin-bottom-50\">\n<p class=\"block-content__title margin-bottom-20 underline\"><strong>Postal address<\/strong><\/p>\n<p class=\"block-content__description\">Infomaniak Network SA<\/p>\n<p class=\"block-content__description\">Rue Eug\u00e8ne Marziano 25<\/p>\n<p class=\"block-content__description\">1227 Les Acacias (GE)<\/p>\n<\/div>\n<div class=\"block-description__left text-center margin-bottom-50\">\n<p class=\"block-content__description block-content__bold\"><strong>Company headquarters<\/strong><\/p>\n<p class=\"block-content__description\">Les Acacias, Geneva, Switzerland<\/p>\n<p class=\"block-content__description block-content__bold\">Commercial register of the canton of Geneva :CH-660.0.059.996-1<\/p>\n<p class=\"block-content__description block-content__bold\">IDE number : CHE-103.167.648<\/p>\n<p class=\"block-content__description block-content__bold\">VAT number : CHE-103.167.648<\/p>\n<\/div>\n\t\t\t\t\t\t<\/div>\n\t\t\t\t<\/div>\n\t\t\t\t<div class=\"elementor-element elementor-element-463736e elementor-widget elementor-widget-heading\" data-id=\"463736e\" data-element_type=\"widget\" data-widget_type=\"heading.default\">\n\t\t\t\t<div class=\"elementor-widget-container\">\n\t\t\t<h2 class=\"elementor-heading-title elementor-size-default\">Design and production<\/h2>\t\t<\/div>\n\t\t\t\t<\/div>\n\t\t\t\t<div class=\"elementor-element elementor-element-ce417d6 elementor-widget elementor-widget-text-editor\" data-id=\"ce417d6\" data-element_type=\"widget\" data-widget_type=\"text-editor.default\">\n\t\t\t\t<div class=\"elementor-widget-container\">\n\t\t\t\t\t\t\t<h3>Agency Inside<\/h3>\n<p>digital agency<\/p>\n<p>73 rue du ch\u00e2teau &#8211; 92100 Boulogne Billancourt &#8211; France<\/p>\n<p>www.agency-inside.com<\/p>\n\t\t\t\t\t\t<\/div>\n\t\t\t\t<\/div>\n\t\t\t\t<div class=\"elementor-element elementor-element-23f0528 elementor-widget elementor-widget-heading\" data-id=\"23f0528\" data-element_type=\"widget\" data-widget_type=\"heading.default\">\n\t\t\t\t<div class=\"elementor-widget-container\">\n\t\t\t<h2 class=\"elementor-heading-title elementor-size-default\">Disclaimer of liability<\/h2>\t\t<\/div>\n\t\t\t\t<\/div>\n\t\t\t\t<div class=\"elementor-element elementor-element-070e068 elementor-widget elementor-widget-text-editor\" data-id=\"070e068\" data-element_type=\"widget\" data-widget_type=\"text-editor.default\">\n\t\t\t\t<div class=\"elementor-widget-container\">\n\t\t\t\t\t\t\t<p>Orthodiag cannot be held liable in any way for the content of the information on this site or for any consequences that may result from its use or interpretation.<\/p>\n\t\t\t\t\t\t<\/div>\n\t\t\t\t<\/div>\n\t\t\t\t<div class=\"elementor-element elementor-element-7d6eb30 elementor-widget elementor-widget-heading\" data-id=\"7d6eb30\" data-element_type=\"widget\" data-widget_type=\"heading.default\">\n\t\t\t\t<div class=\"elementor-widget-container\">\n\t\t\t<h2 class=\"elementor-heading-title elementor-size-default\">Brands and logos<\/h2>\t\t<\/div>\n\t\t\t\t<\/div>\n\t\t\t\t<div class=\"elementor-element elementor-element-b386113 elementor-widget elementor-widget-text-editor\" data-id=\"b386113\" data-element_type=\"widget\" data-widget_type=\"text-editor.default\">\n\t\t\t\t<div class=\"elementor-widget-container\">\n\t\t\t\t\t\t\t<p>Any use whatsoever of the brand names and logos on this site is prohibited without the authorisation of Orthodiag.<\/p>\n\t\t\t\t\t\t<\/div>\n\t\t\t\t<\/div>\n\t\t\t\t<div class=\"elementor-element elementor-element-870f21a elementor-widget elementor-widget-heading\" data-id=\"870f21a\" data-element_type=\"widget\" data-widget_type=\"heading.default\">\n\t\t\t\t<div class=\"elementor-widget-container\">\n\t\t\t<h2 class=\"elementor-heading-title elementor-size-default\">Photo and video credits<\/h2>\t\t<\/div>\n\t\t\t\t<\/div>\n\t\t\t\t<div class=\"elementor-element elementor-element-b4073a7 elementor-widget elementor-widget-text-editor\" data-id=\"b4073a7\" data-element_type=\"widget\" data-widget_type=\"text-editor.default\">\n\t\t\t\t<div class=\"elementor-widget-container\">\n\t\t\t\t\t\t\t<p>All photos and videos on this site may not be reproduced.<br \/>They come from Orthodiag.<\/p>\n\t\t\t\t\t\t<\/div>\n\t\t\t\t<\/div>\n\t\t\t\t<div class=\"elementor-element elementor-element-361df49 elementor-widget elementor-widget-heading\" data-id=\"361df49\" data-element_type=\"widget\" data-widget_type=\"heading.default\">\n\t\t\t\t<div class=\"elementor-widget-container\">\n\t\t\t<h2 class=\"elementor-heading-title elementor-size-default\">Tracking<\/h2>\t\t<\/div>\n\t\t\t\t<\/div>\n\t\t\t\t<div class=\"elementor-element elementor-element-66aa633 elementor-widget elementor-widget-text-editor\" data-id=\"66aa633\" data-element_type=\"widget\" data-widget_type=\"text-editor.default\">\n\t\t\t\t<div class=\"elementor-widget-container\">\n\t\t\t\t\t\t\t<p>The Orthodiag website uses a tracker to analyse traffic and conversions. Under no circumstances are people&#8217;s names or emails collected. You can also block cookies on your web browsers (Google Chrome, Safari, Opera, Internet Explorer, Edge and Firefox) so as not to share information about your visit to the website.<\/p>\n\t\t\t\t\t\t<\/div>\n\t\t\t\t<\/div>\n\t\t\t\t\t<\/div>\n\t\t\t\t<\/div>\n\t\t\t\t<\/div>\n\t\t","protected":false},"excerpt":{"rendered":"<p>Legal information Orthodiag, orthodontic self-diagnosis application Contact details Le site est la propri\u00e9t\u00e9 exclusive de la soci\u00e9t\u00e9 NOHV 8 Rue du Zier 3963 Lens &#8211; Switzerland. The contents of the website are the responsibility of : Mr G\u00e9rard Hermet. Hosting InfoManiak Postal address Infomaniak Network SA Rue Eug\u00e8ne Marziano 25 1227 Les Acacias (GE) Company headquarters Les Acacias, Geneva, Switzerland Commercial register of the canton of Geneva :CH-660.0.059.996-1 IDE number : CHE-103.167.648 VAT number : CHE-103.167.648 Design and production Agency Inside digital agency 73 rue du ch\u00e2teau &#8211; 92100 Boulogne Billancourt &#8211; France www.agency-inside.com Disclaimer of liability Orthodiag cannot be held liable in any way for the content of the information on this site or for any consequences that may result from its use or interpretation. Brands and logos Any use whatsoever of the brand names and logos on this site is prohibited without the authorisation of Orthodiag. Photo and video credits All photos and videos on this site may not be reproduced.They come from Orthodiag. Tracking The Orthodiag website uses a tracker to analyse traffic and conversions. Under no circumstances are people&#8217;s names or emails collected. You can also block cookies on your web browsers (Google Chrome, Safari, Opera, Internet Explorer, Edge and Firefox) so as not to share information about your visit to the website.<\/p>\n","protected":false},"author":1,"featured_media":0,"parent":0,"menu_order":0,"comment_status":"closed","ping_status":"closed","template":"elementor_canvas","meta":{"_seopress_robots_primary_cat":"","_seopress_titles_title":"","_seopress_titles_desc":"","_seopress_robots_index":"","footnotes":""},"class_list":["post-1038","page","type-page","status-publish","hentry"],"_links":{"self":[{"href":"https:\/\/orthodiag.com\/en\/wp-json\/wp\/v2\/pages\/1038","targetHints":{"allow":["GET"]}}],"collection":[{"href":"https:\/\/orthodiag.com\/en\/wp-json\/wp\/v2\/pages"}],"about":[{"href":"https:\/\/orthodiag.com\/en\/wp-json\/wp\/v2\/types\/page"}],"author":[{"embeddable":true,"href":"https:\/\/orthodiag.com\/en\/wp-json\/wp\/v2\/users\/1"}],"replies":[{"embeddable":true,"href":"https:\/\/orthodiag.com\/en\/wp-json\/wp\/v2\/comments?post=1038"}],"version-history":[{"count":0,"href":"https:\/\/orthodiag.com\/en\/wp-json\/wp\/v2\/pages\/1038\/revisions"}],"wp:attachment":[{"href":"https:\/\/orthodiag.com\/en\/wp-json\/wp\/v2\/media?parent=1038"}],"curies":[{"name":"wp","href":"https:\/\/api.w.org\/{rel}","templated":true}]}}